{"id":5842,"date":"2020-03-16T10:35:39","date_gmt":"2020-03-16T09:35:39","guid":{"rendered":"https:\/\/accudire.eu\/privacy-policy\/"},"modified":"2025-09-23T11:19:42","modified_gmt":"2025-09-23T09:19:42","slug":"privacy-policy","status":"publish","type":"page","link":"https:\/\/accudire.eu\/es\/privacy-policy\/","title":{"rendered":"Tratamiento de datos personales \/ Cookies"},"content":{"rendered":"<style>\n.cky-cookie-audit-table, .cky-cookie-audit-table tr, .cky-cookie-audit-table td, .cky-cookie-audit-table th {border: 1px solid #b0b0b0; text-align: left; padding:5px; font-size:14px;}<br \/><\/style>\n<h2 class=\"cookie-policy-h1\">Pol\u00edtica de cookies<\/h2>\n<div class=\"cookie-policy-date-container\">\n<p>Fecha de entrada en vigor: September 22, 2025<br \/>\n\u00daltima actualizaci\u00f3n: September 22, 2025 <\/p>\n<\/div>\n<p>&nbsp;<\/p>\n<h3>\u00bfQu\u00e9 son las cookies?<\/h3>\n<div class=\"cookie-policy-p\">\n<p>Esta pol\u00edtica de cookies explica qu\u00e9 son las cookies, c\u00f3mo las usamos, los tipos de cookies que usamos (p. ej., la informaci\u00f3n que recopilamos al usar las cookies y c\u00f3mo se usa dicha informaci\u00f3n) y c\u00f3mo gestionar su configuraci\u00f3n de cookies. <\/p>\n<p>Las cookies son archivos de texto peque\u00f1os que se usan para almacenar ciertos elementos de informaci\u00f3n. Se almacenan en su dispositivo cuando se carga un sitio web en su navegador. Estas cookies ayudan a garantizar que el sitio web funcione de manera adecuada, refuerzan la seguridad, ofrecen una experiencia de usuario mejor y analizan el rendimiento para identificar lo que funciona correctamente y lo que necesita mejoras.<\/p>\n<\/div>\n<p>&nbsp;<\/p>\n<h3>\u00bfC\u00f3mo usamos las cookies? <\/h3>\n<div class=\"cookie-policy-p\">\nComo la mayor\u00eda de los servicios en l\u00ednea, nuestro sitio web usa cookies de origen y cookies de terceros para varios prop\u00f3sitos. Las cookies de origen son b\u00e1sicamente necesarias para que el sitio web funcione de manera adecuada; no recopilan ning\u00fan dato personal identificable.<\/p>\n<p>Las cookies de terceros que se usan en nuestro sitio web nos ayudan principalmente a comprender c\u00f3mo responde este; hacen un seguimiento sobre c\u00f3mo interact\u00faa usted con \u00e9l; protegen nuestros servicios; ofrecen publicidad de inter\u00e9s; y mejoran su experiencia de usuario en general, a la vez que optimizan la velocidad de sus interacciones posteriores en nuestro sitio web.<\/p>\n<p>&nbsp;<\/p>\n<h3>Tipos de cookies que usamos<\/h3>\n<div class=\"cky-audit-table-element\">\n<div class=\"cky-audit-table-element\">\n<div>\n<p class=\"text-xl font-semibold mb-2\"><strong>Necesario<\/strong><\/p>\n<div class=\"cky-category-des\">\n<p>Las cookies necesarias son esenciales para el funcionamiento b\u00e1sico del sitio web y, sin ellas, este no funcionar\u00e1 correctamente. Estas cookies no almacenan ning\u00fan dato personal identificable.<\/p>\n<\/div>\n<div class=\"cky-table-wrapper\">\n<table class=\"cky-cookie-audit-table\">\n<thead>\n<tr>\n<th>Cookie<\/th>\n<th>Duraci\u00f3n<\/th>\n<th>Descripci\u00f3n<\/th>\n<\/tr>\n<\/thead>\n<tbody>\n<tr>\n<td>VISITOR_PRIVACY_METADATA<\/td>\n<td>6 meses<\/td>\n<td>YouTube establece esta cookie para almacenar el estado de consentimiento de cookies del usuario para el dominio actual.<\/td>\n<\/tr>\n<tr>\n<td>li_gc<\/td>\n<td>6 meses<\/td>\n<td>Linkedin utiliza esta cookie para almacenar el consentimiento del visitante en el uso de cookies para fines no esenciales.<\/td>\n<\/tr>\n<tr>\n<td>_GRECAPTCHA<\/td>\n<td>6 meses<\/td>\n<td>El servicio Recaptcha de Google utiliza esta cookie para identificar bots y proteger el sitio de ataques de spam maliciosos.<\/td>\n<\/tr>\n<tr>\n<td>rc::a<\/td>\n<td>Nunca caduca<\/td>\n<td>El servicio recaptcha de Google establece esta cookie para identificar bots y proteger el sitio web contra ataques de spam maliciosos.<\/td>\n<\/tr>\n<tr>\n<td>rc::f<\/td>\n<td>Nunca caduca<\/td>\n<td>El servicio recaptcha de Google establece esta cookie para identificar bots y proteger el sitio web contra ataques de spam maliciosos.<\/td>\n<\/tr>\n<tr>\n<td>rc::b<\/td>\n<td>sessione<\/td>\n<td>El servicio recaptcha de Google establece esta cookie para identificar bots y proteger el sitio web contra ataques de spam maliciosos.<\/td>\n<\/tr>\n<tr>\n<td>rc::c<\/td>\n<td>sessione<\/td>\n<td>El servicio recaptcha de Google establece esta cookie para identificar bots y proteger el sitio web contra ataques de spam maliciosos.<\/td>\n<\/tr>\n<tr>\n<td>__cf_bm<\/td>\n<td>1 ora<\/td>\n<td>Cloudflare utiliz\u00f3 esta cookie para respaldar la gesti\u00f3n de bots de Cloudflare.<\/td>\n<\/tr>\n<tr>\n<td>_cfuvid<\/td>\n<td>Sesi\u00f3n <\/td>\n<td>Cloudflare establece esta cookie para rastrear a los usuarios en diferentes sesiones para optimizar la experiencia del usuario manteniendo la coherencia de la sesi\u00f3n y brindando servicios personalizados.<\/td>\n<\/tr>\n<\/tbody>\n<\/table>\n<\/div>\n<\/div>\n<div>\n<p class=\"text-xl font-semibold mb-2\"><strong>Funcional<\/strong><\/p>\n<div class=\"cky-category-des\">\n<p>Las cookies funcionales ayudan a realizar ciertas funcionalidades, como compartir el contenido del sitio web en plataformas de redes sociales, recopilar comentarios y otras caracter\u00edsticas de terceros.<\/p>\n<\/div>\n<div class=\"cky-table-wrapper\">\n<table class=\"cky-cookie-audit-table\">\n<thead>\n<tr>\n<th>Cookie<\/th>\n<th>Duraci\u00f3n<\/th>\n<th>Descripci\u00f3n<\/th>\n<\/tr>\n<\/thead>\n<tbody>\n<tr>\n<td>VISITOR_INFO1_LIVE<\/td>\n<td>6 meses<\/td>\n<td>YouTube utiliza esta cookie para medir el ancho de banda y determinar si el usuario recibe la interfaz del reproductor nueva o antigua.<\/td>\n<\/tr>\n<tr>\n<td>wp-wpml_current_language<\/td>\n<td>Sesi\u00f3n <\/td>\n<td>El complemento multiling\u00fce de WordPress utiliza esta cookie para almacenar la configuraci\u00f3n de idioma actual.<\/td>\n<\/tr>\n<tr>\n<td>lidc<\/td>\n<td>1 d\u00eda<\/td>\n<td>LinkedIn utiliza la cookie lidc para facilitar la selecci\u00f3n del centro de datos.<\/td>\n<\/tr>\n<tr>\n<td>yt-remote-connected-devices<\/td>\n<td>Non scade mai<\/td>\n<td>YouTube utilizza questo cookie per memorizzare le preferenze dell&#8217;utente in merito ai video incorporati in YouTube.<\/td>\n<\/tr>\n<tr>\n<td>ytidb::LAST_RESULT_ENTRY_KEY<\/td>\n<td>Nunca caduca<\/td>\n<td>YouTube utiliza la cookie ytidb::LAST_RESULT_ENTRY_KEY para almacenar el \u00faltimo resultado de b\u00fasqueda en el que el usuario hizo clic. Esta informaci\u00f3n se utiliza para mejorar la experiencia del usuario, ofreciendo resultados de b\u00fasqueda m\u00e1s relevantes en el futuro.<\/td>\n<\/tr>\n<tr>\n<td>yt-remote-device-id<\/td>\n<td>Nunca caduca<\/td>\n<td>YouTube utiliza esta cookie para almacenar las preferencias del usuario para los v\u00eddeos incrustados en YouTube.<\/td>\n<\/tr>\n<tr>\n<td>yt-remote-session-name<\/td>\n<td>Sesi\u00f3n <\/td>\n<td>YouTube utiliza la cookie yt-remote-session-name para almacenar las preferencias del reproductor de v\u00eddeo del usuario mediante v\u00eddeos incrustados de YouTube.<\/td>\n<\/tr>\n<tr>\n<td>yt-remote-session-app<\/td>\n<td>Sesi\u00f3n<\/td>\n<td>YouTube utiliza la cookie yt-remote-session-app para almacenar las preferencias del usuario e informaci\u00f3n sobre la interfaz del reproductor de v\u00eddeo de YouTube integrado.<\/td>\n<\/tr>\n<tr>\n<td>yt-remote-fast-check-period<\/td>\n<td>Sesi\u00f3n<\/td>\n<td>YouTube utiliza la cookie yt-remote-fast-check-period para almacenar las preferencias del reproductor de v\u00eddeo del usuario para los v\u00eddeos de YouTube incrustados.<\/td>\n<\/tr>\n<tr>\n<td>yt-remote-cast-available<\/td>\n<td>Sesi\u00f3n<\/td>\n<td>La cookie yt-remote-cast-available se utiliza para almacenar las preferencias del usuario con respecto a si la transmisi\u00f3n est\u00e1 disponible en su reproductor de video de YouTube.<\/td>\n<\/tr>\n<tr>\n<td>yt-remote-cast-installed<\/td>\n<td>Sesi\u00f3n<\/td>\n<td>La cookie yt-remote-cast-installed se utiliza para almacenar las preferencias del reproductor de video del usuario mediante videos de YouTube incrustados.<\/td>\n<\/tr>\n<\/tbody>\n<\/table>\n<\/div>\n<\/div>\n<div>\n<p class=\"text-xl font-semibold mb-2\"><strong> Anal\u00edtica<\/strong><\/p>\n<div class=\"cky-category-des\">\n<p>Las cookies anal\u00edticas se utilizan para comprender c\u00f3mo interact\u00faan los visitantes con el sitio web. Estas cookies ayudan a proporcionar informaci\u00f3n sobre m\u00e9tricas como el n\u00famero de visitantes, la tasa de rebote, la fuente de tr\u00e1fico, etc.<\/p>\n<\/div>\n<div class=\"cky-table-wrapper\">\n<table class=\"cky-cookie-audit-table\">\n<thead>\n<tr>\n<th>Cookie<\/th>\n<th>Duraci\u00f3n<\/th>\n<th>Descripci\u00f3n<\/th>\n<\/tr>\n<\/thead>\n<tbody>\n<tr>\n<td>YSC<\/td>\n<td>Sesi\u00f3n <\/td>\n<td>Youtube utiliza esta cookie para monitorizar las visualizaciones de los v\u00eddeos incrustados en las p\u00e1ginas de Youtube.one<\/td>\n<\/tr>\n<tr>\n<td>CLID<\/td>\n<td>1 a\u00f1o<\/td>\n<td>Microsoft Clarity configura esta cookie para almacenar informaci\u00f3n sobre c\u00f3mo interact\u00faan los visitantes con el sitio web. Esta cookie ayuda a generar un informe anal\u00edtico. Los datos recopilados incluyen el n\u00famero de visitantes, su procedencia y las p\u00e1ginas que visitan.<\/td>\n<\/tr>\n<tr>\n<td>_clck<\/td>\n<td>1 a\u00f1o<\/td>\n<td>Microsoft Clarity establece esta cookie para almacenar el ID de usuario del navegador Clarity y la configuraci\u00f3n exclusiva de ese sitio web. Esto garantiza que las acciones realizadas en visitas posteriores al mismo sitio web se vinculen al mismo ID de usuario.<\/td>\n<\/tr>\n<tr>\n<td>_clsk<\/td>\n<td>1 d\u00eda<\/td>\n<td>La cookie ANONCHK, establecida por Bing, se utiliza para almacenar el ID de sesi\u00f3n del usuario y verificar los clics en anuncios en el buscador de Bing. Esta cookie tambi\u00e9n es \u00fatil para la generaci\u00f3n de informes y la personalizaci\u00f3n.<\/td>\n<\/tr>\n<tr>\n<td>_ga_*<\/td>\n<td>1 a\u00f1o 1 mes 4 d\u00edas<\/td>\n<td>Google Analytics establece esta cookie para almacenar y contar las visitas a la p\u00e1gina.<\/td>\n<\/tr>\n<tr>\n<td>_ga<\/td>\n<td>1 a\u00f1o 1 mes 4 d\u00edas<\/td>\n<td>Google Analytics utiliza esta cookie para calcular datos de visitantes, sesiones y campa\u00f1as, as\u00ed como para rastrear el uso del sitio web para su informe anal\u00edtico. La cookie almacena informaci\u00f3n de forma an\u00f3nima y asigna un n\u00famero aleatorio para identificar a los visitantes \u00fanicos.<\/td>\n<\/tr>\n<tr>\n<td>MR<\/td>\n<td>7 d\u00edas <\/td>\n<td>Esta cookie, establecida por Bing, se utiliza para recopilar informaci\u00f3n del usuario con fines anal\u00edticos.<\/td>\n<\/tr>\n<tr>\n<td>SM<\/td>\n<td>Sesi\u00f3n <\/td>\n<td>La cookie de Microsoft Clarity establece esta cookie para la sincronizaci\u00f3n de MUID en los dominios de Microsoft.<\/td>\n<\/tr>\n<tr>\n<td>vuid<\/td>\n<td>1 a\u00f1o 1 mes 4 d\u00edas<\/td>\n<td>Vimeo utiliza esta cookie para recopilar informaci\u00f3n de seguimiento estableciendo una identificaci\u00f3n \u00fanica para incrustar videos en el sitio.<\/td>\n<\/tr>\n<\/tbody>\n<\/table>\n<\/div>\n<\/div>\n<div>\n<p class=\"text-xl font-semibold mb-2\"><strong>Actuaci\u00f3n<\/strong><\/p>\n<div class=\"cky-category-des\">\n<p>Las cookies de rendimiento se utilizan para comprender y analizar los indicadores clave de rendimiento del sitio web, lo que ayuda a brindar una mejor experiencia de usuario a los visitantes.<\/p>\n<\/div>\n<div class=\"cky-table-wrapper\">\n<table class=\"cky-cookie-audit-table\">\n<thead>\n<tr>\n<th>Cookie<\/th>\n<th>Duraci\u00f3n<\/th>\n<th>Descripci\u00f3n<\/th>\n<\/tr>\n<\/thead>\n<tbody>\n<tr>\n<td>SRM_B<\/td>\n<td>1 a\u00f1o 24 d\u00edas<\/td>\n<td>Utilizado por Microsoft Advertising como identificador \u00fanico para los visitantes.<\/td>\n<\/tr>\n<\/tbody>\n<\/table>\n<\/div>\n<\/div>\n<div>\n<p class=\"text-xl font-semibold mb-2\"><strong> Publicidad<\/strong><\/p>\n<div class=\"cky-category-des\">\n<p>Las cookies publicitarias se utilizan para ofrecer anuncios personalizados a los visitantes en funci\u00f3n de las p\u00e1ginas que visitaron anteriormente y para analizar la eficacia de la campa\u00f1a publicitaria.<\/p>\n<\/div>\n<div class=\"cky-table-wrapper\">\n<table class=\"cky-cookie-audit-table\">\n<thead>\n<tr>\n<th>Cookie<\/th>\n<th>Duraci\u00f3n<\/th>\n<th>Descripci\u00f3n<\/th>\n<\/tr>\n<\/thead>\n<tbody>\n<tr>\n<td>_gcl_au<\/td>\n<td>3 mesi<\/td>\n<td>Google Tag Manager utiliza esta cookie para probar la eficiencia publicitaria de los sitios web que utilizan sus servicios.<\/td>\n<\/tr>\n<tr>\n<td>_fbp<\/td>\n<td>3 meses<\/td>\n<td>Facebook utiliza esta cookie para mostrar anuncios cuando est\u00e1s en Facebook o en una plataforma digital impulsada por publicidad de Facebook despu\u00e9s de visitar el sitio web.<\/td>\n<\/tr>\n<tr>\n<td>bcookie<\/td>\n<td>1 a\u00f1o<\/td>\n<td>LinkedIn utiliza esta cookie de los botones para compartir y las etiquetas publicitarias de LinkedIn para reconocer los ID del navegador.<\/td>\n<\/tr>\n<tr>\n<td>test_cookie<\/td>\n<td>15 minutos<\/td>\n<td>doubleclick.net utiliza esta cookie para determinar si el navegador del usuario admite cookies.<\/td>\n<\/tr>\n<tr>\n<td>MUID<\/td>\n<td>1 a\u00f1o 24 d\u00edas<\/td>\n<td>Bing utiliza esta cookie para reconocer los navegadores web \u00fanicos que visitan los sitios de Microsoft. Esta cookie se utiliza para publicidad, an\u00e1lisis del sitio y otros fines.<\/td>\n<\/tr>\n<tr>\n<td>ANONCHK<\/td>\n<td>10 minutos<\/td>\n<td>La cookie ANONCHK, establecida por Bing, se utiliza para almacenar el ID de sesi\u00f3n del usuario y rastrear los clics en anuncios en el buscador de Bing. Esta cookie tambi\u00e9n es \u00fatil para generar informes y personalizar anuncios.<\/td>\n<\/tr>\n<tr>\n<td>IDE<\/td>\n<td>1 a\u00f1o 24 d\u00edas<\/td>\n<td>Las cookies de Google DoubleClick IDE almacenan informaci\u00f3n sobre c\u00f3mo utiliza el sitio web para presentarle anuncios relevantes seg\u00fan su perfil.<\/td>\n<\/tr>\n<tr>\n<td>yt.innertube::nextId<\/td>\n<td>Nunca caduca<\/td>\n<td>YouTube utiliza esta cookie para registrar una identificaci\u00f3n \u00fanica para almacenar datos sobre los v\u00eddeos de YouTube que ha visto el usuario.<\/td>\n<\/tr>\n<tr>\n<td>yt.innertube::requests<\/td>\n<td>Nunca caduca<\/td>\n<td>YouTube utiliza esta cookie para registrar una identificaci\u00f3n \u00fanica para almacenar datos sobre los v\u00eddeos de YouTube que ha visto el usuario.<\/td>\n<\/tr>\n<\/tbody>\n<\/table>\n<\/div>\n<\/div>\n<div>\n<p class=\"text-xl font-semibold mb-2\"><strong>Sin categor\u00eda<\/strong><\/p>\n<div class=\"cky-category-des\">\n<p>Otras cookies no categorizadas son aquellas que se est\u00e1n analizando y a\u00fan no se han clasificado en una categor\u00eda.<\/p>\n<\/div>\n<div class=\"cky-table-wrapper\">\n<table class=\"cky-cookie-audit-table\">\n<thead>\n<tr>\n<th>Cookie<\/th>\n<th>Duraci\u00f3n<\/th>\n<th>Descripci\u00f3n<\/th>\n<\/tr>\n<\/thead>\n<tbody>\n<tr>\n<td>__Secure-ROLLOUT_TOKEN<\/td>\n<td>6 meses<\/td>\n<td>La descripci\u00f3n no est\u00e1 disponible actualmente.<\/td>\n<\/tr>\n<tr>\n<td>__Secure-YEC<\/td>\n<td>Anterior <\/td>\n<td>La descripci\u00f3n no est\u00e1 disponible actualmente.<\/td>\n<\/tr>\n<tr>\n<td>__Secure-YNID<\/td>\n<td>6 meses<\/td>\n<td>La descripci\u00f3n no est\u00e1 disponible actualmente.<\/td>\n<\/tr>\n<\/tbody>\n<\/table>\n<\/div>\n<\/div>\n<\/div>\n<p><span>\u00a0<\/span><\/p>\n<\/div>\n<h3 style=\"margin-bottom: 20px;\">Gestionar preferencias de cookies <\/h3>\n<p><a class=\"cky-banner-element\">Preferencias de consentimiento<\/a><\/p>\n<div>\n<p>Podr\u00e1 modificar su configuraci\u00f3n de cookies en cualquier momento al hacer clic en el bot\u00f3n Preferencias de consentimiento, situado en la parte superior.<\/p>\n<p>Asimismo, los diferentes navegadores ofrecen varios m\u00e9todos para bloquear y eliminar cookies que usan los sitios web. Puede modificar los ajustes de su navegador para bloquear o eliminar cookies. A continuaci\u00f3n, ver\u00e1 enlaces de documentos de ayuda para saber c\u00f3mo gestionar y eliminar cookies en los principales navegadores web.<\/p>\n<p>Chrome: <a href=\"https:\/\/support.google.com\/accounts\/answer\/32050\" target=\"_blank\" rel=\"noopener noreferrer\">https:\/\/support.google.com\/accounts\/answer\/32050<\/a><\/p>\n<p>Safari: <a href=\"https:\/\/support.apple.com\/en-in\/guide\/safari\/sfri11471\/mac\" target=\"_blank\" rel=\"noopener noreferrer\">https:\/\/support.apple.com\/en-in\/guide\/safari\/sfri11471\/mac<\/a><\/p>\n<p>Firefox: <a href=\"https:\/\/support.mozilla.org\/en-US\/kb\/clear-cookies-and-site-data-firefox?redirectslug=delete-cookies-remove-info-websites-stored&amp;redirectlocale=en-US\" target=\"_blank\" rel=\"noopener noreferrer\">https:\/\/support.mozilla.org\/en-US\/kb\/clear-cookies-and-site-data-firefox?redirectslug=delete-cookies-remove-info-websites-stored&amp;redirectlocale=en-US<\/a><\/p>\n<p>Internet Explorer: <a href=\"https:\/\/support.microsoft.com\/en-us\/topic\/how-to-delete-cookie-files-in-internet-explorer-bca9446f-d873-78de-77ba-d42645fa52fc\" target=\"_blank\" rel=\"noopener noreferrer\">https:\/\/support.microsoft.com\/en-us\/topic\/how-to-delete-cookie-files-in-internet-explorer-bca9446f-d873-78de-77ba-d42645fa52fc<\/a><\/p>\n<p><span class=\"TextRun SCXW43168300 BCX0\" data-contrast=\"none\"><span class=\"NormalTextRun SCXW43168300 BCX0\">Si usa otro navegador web, consulte la documentaci\u00f3n de ayuda oficial de este.<\/span><\/span><span class=\"EOP SCXW43168300 BCX0\" data-ccp-props=\"{&quot;201341983&quot;:0,&quot;335559739&quot;:120,&quot;335559740&quot;:240}\">\u00a0<\/span><\/p>\n<\/div>\n<p>&nbsp;<\/p>\n<p>&nbsp;<\/p>\n<h2>Pol\u00edtica de privacidad<\/h2>\n<p><span data-contrast=\"auto\">Last Updated On 22-Sep-2025\u00a0<\/span><span data-ccp-props=\"{}\"><br \/>\n<\/span><span data-contrast=\"auto\">Effective Date 22-Sep-2025\u00a0<\/span><span data-ccp-props=\"{}\">\u00a0<\/span><\/p>\n<p>Esta Pol\u00edtica de Privacidad describe las pol\u00edticas de ACCUDIRE Srl, Viale del Commercio, 47, Verona 37135, Italia, correo electr\u00f3nico: info@accudiresrl.com, tel\u00e9fono: +39 3386 832951, con respecto a la recopilaci\u00f3n, el uso y la divulgaci\u00f3n de la informaci\u00f3n que recopilamos cuando usted utiliza nuestro sitio web (https:\/\/accudire.eu) (el \u00abServicio\u00bb). Al acceder o utilizar el Servicio, usted consiente la recopilaci\u00f3n, el uso y la divulgaci\u00f3n de su informaci\u00f3n de acuerdo con esta Pol\u00edtica de Privacidad. Si no consiente, le rogamos que no acceda ni utilice el Servicio.<br \/>\nPodemos modificar esta Pol\u00edtica de Privacidad en cualquier momento sin previo aviso y publicaremos la Pol\u00edtica de Privacidad actualizada en el Servicio. La Pol\u00edtica de Privacidad actualizada entrar\u00e1 en vigor 180 d\u00edas despu\u00e9s de su publicaci\u00f3n en el Servicio, y su acceso o uso continuado del Servicio despu\u00e9s de ese plazo constituir\u00e1 su aceptaci\u00f3n de la Pol\u00edtica de Privacidad actualizada. Por lo tanto, le recomendamos que revise esta p\u00e1gina peri\u00f3dicamente.<\/p>\n<p>&nbsp;<\/p>\n<h3><span>Informaci\u00f3n que recopilamos:<\/span><\/h3>\n<p>Recopilaremos y procesaremos la siguiente informaci\u00f3n personal sobre usted:<\/p>\n<ul>\n<li>Nombre<\/li>\n<li>Correo electr\u00f3nico<\/li>\n<li>M\u00f3vil<\/li>\n<li>Direcci\u00f3n del trabajo<\/li>\n<\/ul>\n<p>&nbsp;<\/p>\n<h3><span>C\u00f3mo usamos su informaci\u00f3n:<\/span><\/h3>\n<p>Utilizaremos la informaci\u00f3n que recopilemos sobre usted para los siguientes fines:<\/p>\n<ul>\n<li><span>Marketing\/Promoci\u00f3n<\/span><\/li>\n<li>Recopilaci\u00f3n de opiniones de clientes<\/li>\n<li>Soporte<\/li>\n<li>Gesti\u00f3n de pedidos de clientes<\/li>\n<\/ul>\n<p>Si deseamos utilizar su informaci\u00f3n para cualquier otro prop\u00f3sito, solicitaremos su consentimiento y solo la utilizaremos despu\u00e9s de recibir su consentimiento y, a partir de entonces, solo para los fines para los que usted dio su consentimiento, a menos que la ley nos obligue a hacer lo contrario.<\/p>\n<p>&nbsp;<\/p>\n<h3>C\u00f3mo compartimos su informaci\u00f3n:<\/h3>\n<p>No transferiremos su informaci\u00f3n personal a terceros sin su consentimiento, salvo en las circunstancias limitadas que se describen a continuaci\u00f3n:<\/p>\n<ul>\n<li>Publicidad<\/li>\n<li>An\u00e1lisis<\/li>\n<li>Recopilaci\u00f3n y procesamiento de datos<\/li>\n<\/ul>\n<p>&nbsp;<\/p>\n<p>Exigimos a dichos terceros que utilicen la informaci\u00f3n personal que les transferimos \u00fanicamente para el fin para el que fue transferida y que no la conserven m\u00e1s tiempo del necesario para cumplir dicho fin.<br \/>\nTambi\u00e9n podemos divulgar su informaci\u00f3n personal por los siguientes motivos: (1) para cumplir con las leyes, normativas, \u00f3rdenes judiciales u otros procesos legales aplicables; (2) para hacer cumplir sus acuerdos con nosotros, incluida esta Pol\u00edtica de Privacidad; o (3) para responder a quejas sobre la violaci\u00f3n de los derechos de terceros por parte de usted del uso del Servicio. Si el Servicio o nuestra empresa se fusionan o son adquiridos por otra empresa, su informaci\u00f3n ser\u00e1 uno de los activos transferidos al nuevo propietario.<\/p>\n<p>&nbsp;<\/p>\n<h3>Retenci\u00f3n de su informaci\u00f3n:<\/h3>\n<p>Conserveremo le tue informazioni personali per un periodo compreso tra 90 giorni e 2 anni dopo che gli account utente rimangono inattivi o per tutto il tempo necessario per soddisfare le finalit\u00e0 per cui sono state raccolte, come dettagliato nella presente Informativa sulla privacy. Potremmo dover conservare determinate informazioni per periodi pi\u00f9 lunghi, ad esempio per la tenuta dei registri\/reporting in conformit\u00e0 con la legge applicabile o per altri motivi legittimi come l&#8217;esercizio di diritti legali, la prevenzione delle frodi, ecc. Le informazioni anonime residue e le informazioni aggregate, nessuna delle quali ti identifica (direttamente o indirettamente), potrebbero essere conservate a tempo indeterminato.<\/p>\n<p>&nbsp;<\/p>\n<h3>Tus derechos:<\/h3>\n<p>Seg\u00fan la legislaci\u00f3n aplicable, usted puede tener derecho a acceder a sus datos personales, rectificarlos o eliminarlos, o recibir una copia de los mismos, restringir u oponerse al tratamiento activo, solicitarnos que compartamos (o transfiramos) sus datos personales a otra entidad, retirar el consentimiento que nos haya otorgado para el tratamiento de sus datos, el derecho a presentar una reclamaci\u00f3n ante una autoridad competente y otros derechos pertinentes seg\u00fan la legislaci\u00f3n aplicable. Para ejercer estos derechos, puede escribirnos a info@accudiresrl.com. Responderemos a su solicitud de conformidad con la legislaci\u00f3n aplicable.<br \/>\nPuede retirar su consentimiento a las comunicaciones de marketing directo o a la elaboraci\u00f3n de perfiles que realizamos con fines comerciales escribi\u00e9ndonos a info@accudiresrl.com<\/p>\n<p>Tenga en cuenta que si no nos autoriza a recopilar o procesar los datos personales solicitados o retira su consentimiento para su procesamiento para los fines solicitados, es posible que no pueda acceder o utilizar los servicios para los que fueron solicitados.<\/p>\n<p>&nbsp;<\/p>\n<h3>Cookie y similares<\/h3>\n<p>Para obtener m\u00e1s informaci\u00f3n sobre c\u00f3mo las usamos y sus opciones con respecto a estas tecnolog\u00edas de seguimiento, consulte nuestra Pol\u00edtica de cookies.<\/p>\n<p>&nbsp;<\/p>\n<h3>Seguridad:<\/h3>\n<p>La seguridad de sus datos es importante para nosotros y tomaremos medidas de seguridad razonables para evitar la p\u00e9rdida, el uso indebido o la alteraci\u00f3n no autorizada de los datos que controlamos. Sin embargo, dados los riesgos inherentes, no podemos garantizar la seguridad absoluta y, por lo tanto, no podemos asegurar ni garantizar la seguridad de la informaci\u00f3n que nos transmita, y usted lo hace bajo su propio riesgo.<\/p>\n<p>&nbsp;<\/p>\n<h3>Delegado de Quejas\/Protecci\u00f3n de Datos:<\/h3>\n<p>Si tiene alguna pregunta o inquietud sobre el tratamiento de sus datos personales, puede contactar con nuestro Responsable de Quejas en ACCUDIRE Srl, Viale del Commercio, 47, 37135 \u2013 Verona, a la direcci\u00f3n de correo electr\u00f3nico: info@accudiresrl.com. Responderemos a sus solicitudes de conformidad con la legislaci\u00f3n aplicable.<\/p>\n<p>&nbsp;<\/p>\n","protected":false},"excerpt":{"rendered":"<p>Pol\u00edtica de cookies Fecha de entrada en vigor: September 22, 2025 \u00daltima actualizaci\u00f3n: September 22, 2025 &nbsp; \u00bfQu\u00e9 son las cookies? Esta pol\u00edtica de cookies explica qu\u00e9 son las cookies, c\u00f3mo las usamos, los tipos de cookies que usamos (p. ej., la informaci\u00f3n que recopilamos al usar las cookies y c\u00f3mo se usa dicha informaci\u00f3n) [&hellip;]<\/p>\n","protected":false},"author":1,"featured_media":0,"parent":0,"menu_order":999,"comment_status":"closed","ping_status":"closed","template":"","meta":{"_acf_changed":false,"footnotes":""},"class_list":["post-5842","page","type-page","status-publish","hentry"],"acf":[],"_links":{"self":[{"href":"https:\/\/accudire.eu\/es\/wp-json\/wp\/v2\/pages\/5842","targetHints":{"allow":["GET"]}}],"collection":[{"href":"https:\/\/accudire.eu\/es\/wp-json\/wp\/v2\/pages"}],"about":[{"href":"https:\/\/accudire.eu\/es\/wp-json\/wp\/v2\/types\/page"}],"author":[{"embeddable":true,"href":"https:\/\/accudire.eu\/es\/wp-json\/wp\/v2\/users\/1"}],"replies":[{"embeddable":true,"href":"https:\/\/accudire.eu\/es\/wp-json\/wp\/v2\/comments?post=5842"}],"version-history":[{"count":22,"href":"https:\/\/accudire.eu\/es\/wp-json\/wp\/v2\/pages\/5842\/revisions"}],"predecessor-version":[{"id":6668,"href":"https:\/\/accudire.eu\/es\/wp-json\/wp\/v2\/pages\/5842\/revisions\/6668"}],"wp:attachment":[{"href":"https:\/\/accudire.eu\/es\/wp-json\/wp\/v2\/media?parent=5842"}],"curies":[{"name":"wp","href":"https:\/\/api.w.org\/{rel}","templated":true}]}}